{"id":4148,"date":"2016-11-04T11:26:11","date_gmt":"2016-11-04T09:26:11","guid":{"rendered":"https:\/\/www.hotel-vrahos.gr\/fr\/superior-double-room-with-sea-view-and-hot-tub\/"},"modified":"2023-03-29T12:59:33","modified_gmt":"2023-03-29T09:59:33","slug":"deluxe-room-with-sea-view-and-hot-tub","status":"publish","type":"page","link":"https:\/\/www.hotel-vrahos.gr\/fr\/deluxe-room-with-sea-view-and-hot-tub\/","title":{"rendered":"Deluxe room with sea view and hot tub"},"content":{"rendered":"","protected":false},"excerpt":{"rendered":"","protected":false},"author":1,"featured_media":0,"parent":0,"menu_order":0,"comment_status":"closed","ping_status":"closed","template":"","meta":{"footnotes":""},"class_list":["post-4148","page","type-page","status-publish","hentry"],"yoast_head":"<!-- This site is optimized with the Yoast SEO plugin v18.3 - https:\/\/yoast.com\/wordpress\/plugins\/seo\/ -->\n<title>Chambre de luxe avec jacuzzi priv\u00e9 | Folegandros Boutique Hotel Booking<\/title>\n<meta name=\"description\" content=\"Chambres avec jacuzzi priv\u00e9 ext\u00e9rieur donnant sur la mer \u00e0 Folegandros \u00e0 l\u2019h\u00f4tel boutique Rock. H\u00e9bergement dans les \u00eeles grecques pour 3 personnes.\" \/>\n<meta name=\"robots\" content=\"index, follow, max-snippet:-1, max-image-preview:large, max-video-preview:-1\" \/>\n<link rel=\"canonical\" href=\"https:\/\/www.hotel-vrahos.gr\/fr\/deluxe-room-with-sea-view-and-hot-tub\/\" \/>\n<meta property=\"og:locale\" content=\"fr_FR\" \/>\n<meta property=\"og:type\" content=\"article\" \/>\n<meta property=\"og:title\" content=\"Chambre de luxe avec jacuzzi priv\u00e9 | Folegandros Boutique Hotel Booking\" \/>\n<meta property=\"og:description\" content=\"Chambres avec jacuzzi priv\u00e9 ext\u00e9rieur donnant sur la mer \u00e0 Folegandros \u00e0 l\u2019h\u00f4tel boutique Rock. H\u00e9bergement dans les \u00eeles grecques pour 3 personnes.\" \/>\n<meta property=\"og:url\" content=\"https:\/\/www.hotel-vrahos.gr\/fr\/deluxe-room-with-sea-view-and-hot-tub\/\" \/>\n<meta property=\"og:site_name\" content=\"Vrahos Hotel - Folegandros\" \/>\n<meta property=\"article:modified_time\" content=\"2023-03-29T09:59:33+00:00\" \/>\n<meta name=\"twitter:card\" content=\"summary_large_image\" \/>\n<script type=\"application\/ld+json\" class=\"yoast-schema-graph\">{\"@context\":\"https:\/\/schema.org\",\"@graph\":[{\"@type\":\"WebSite\",\"@id\":\"https:\/\/www.hotel-vrahos.gr\/#website\",\"url\":\"https:\/\/www.hotel-vrahos.gr\/\",\"name\":\"Vrahos Hotel - Folegandros\",\"description\":\"Boutique Hotel in Folegandros Island - Greece\",\"potentialAction\":[{\"@type\":\"SearchAction\",\"target\":{\"@type\":\"EntryPoint\",\"urlTemplate\":\"https:\/\/www.hotel-vrahos.gr\/?s={search_term_string}\"},\"query-input\":\"required name=search_term_string\"}],\"inLanguage\":\"fr-FR\"},{\"@type\":\"WebPage\",\"@id\":\"https:\/\/www.hotel-vrahos.gr\/fr\/deluxe-room-with-sea-view-and-hot-tub\/#webpage\",\"url\":\"https:\/\/www.hotel-vrahos.gr\/fr\/deluxe-room-with-sea-view-and-hot-tub\/\",\"name\":\"Chambre de luxe avec jacuzzi priv\u00e9 | Folegandros Boutique Hotel Booking\",\"isPartOf\":{\"@id\":\"https:\/\/www.hotel-vrahos.gr\/#website\"},\"datePublished\":\"2016-11-04T09:26:11+00:00\",\"dateModified\":\"2023-03-29T09:59:33+00:00\",\"description\":\"Chambres avec jacuzzi priv\u00e9 ext\u00e9rieur donnant sur la mer \u00e0 Folegandros \u00e0 l\u2019h\u00f4tel boutique Rock. H\u00e9bergement dans les \u00eeles grecques pour 3 personnes.\",\"breadcrumb\":{\"@id\":\"https:\/\/www.hotel-vrahos.gr\/fr\/deluxe-room-with-sea-view-and-hot-tub\/#breadcrumb\"},\"inLanguage\":\"fr-FR\",\"potentialAction\":[{\"@type\":\"ReadAction\",\"target\":[\"https:\/\/www.hotel-vrahos.gr\/fr\/deluxe-room-with-sea-view-and-hot-tub\/\"]}]},{\"@type\":\"BreadcrumbList\",\"@id\":\"https:\/\/www.hotel-vrahos.gr\/fr\/deluxe-room-with-sea-view-and-hot-tub\/#breadcrumb\",\"itemListElement\":[{\"@type\":\"ListItem\",\"position\":1,\"name\":\"Home\",\"item\":\"https:\/\/www.hotel-vrahos.gr\/fr\/\"},{\"@type\":\"ListItem\",\"position\":2,\"name\":\"Deluxe room with sea view and hot tub\"}]}]}<\/script>\n<!-- \/ Yoast SEO plugin. -->","yoast_head_json":{"title":"Chambre de luxe avec jacuzzi priv\u00e9 | Folegandros Boutique Hotel Booking","description":"Chambres avec jacuzzi priv\u00e9 ext\u00e9rieur donnant sur la mer \u00e0 Folegandros \u00e0 l\u2019h\u00f4tel boutique Rock. H\u00e9bergement dans les \u00eeles grecques pour 3 personnes.","robots":{"index":"index","follow":"follow","max-snippet":"max-snippet:-1","max-image-preview":"max-image-preview:large","max-video-preview":"max-video-preview:-1"},"canonical":"https:\/\/www.hotel-vrahos.gr\/fr\/deluxe-room-with-sea-view-and-hot-tub\/","og_locale":"fr_FR","og_type":"article","og_title":"Chambre de luxe avec jacuzzi priv\u00e9 | Folegandros Boutique Hotel Booking","og_description":"Chambres avec jacuzzi priv\u00e9 ext\u00e9rieur donnant sur la mer \u00e0 Folegandros \u00e0 l\u2019h\u00f4tel boutique Rock. H\u00e9bergement dans les \u00eeles grecques pour 3 personnes.","og_url":"https:\/\/www.hotel-vrahos.gr\/fr\/deluxe-room-with-sea-view-and-hot-tub\/","og_site_name":"Vrahos Hotel - Folegandros","article_modified_time":"2023-03-29T09:59:33+00:00","twitter_card":"summary_large_image","schema":{"@context":"https:\/\/schema.org","@graph":[{"@type":"WebSite","@id":"https:\/\/www.hotel-vrahos.gr\/#website","url":"https:\/\/www.hotel-vrahos.gr\/","name":"Vrahos Hotel - Folegandros","description":"Boutique Hotel in Folegandros Island - Greece","potentialAction":[{"@type":"SearchAction","target":{"@type":"EntryPoint","urlTemplate":"https:\/\/www.hotel-vrahos.gr\/?s={search_term_string}"},"query-input":"required name=search_term_string"}],"inLanguage":"fr-FR"},{"@type":"WebPage","@id":"https:\/\/www.hotel-vrahos.gr\/fr\/deluxe-room-with-sea-view-and-hot-tub\/#webpage","url":"https:\/\/www.hotel-vrahos.gr\/fr\/deluxe-room-with-sea-view-and-hot-tub\/","name":"Chambre de luxe avec jacuzzi priv\u00e9 | Folegandros Boutique Hotel Booking","isPartOf":{"@id":"https:\/\/www.hotel-vrahos.gr\/#website"},"datePublished":"2016-11-04T09:26:11+00:00","dateModified":"2023-03-29T09:59:33+00:00","description":"Chambres avec jacuzzi priv\u00e9 ext\u00e9rieur donnant sur la mer \u00e0 Folegandros \u00e0 l\u2019h\u00f4tel boutique Rock. H\u00e9bergement dans les \u00eeles grecques pour 3 personnes.","breadcrumb":{"@id":"https:\/\/www.hotel-vrahos.gr\/fr\/deluxe-room-with-sea-view-and-hot-tub\/#breadcrumb"},"inLanguage":"fr-FR","potentialAction":[{"@type":"ReadAction","target":["https:\/\/www.hotel-vrahos.gr\/fr\/deluxe-room-with-sea-view-and-hot-tub\/"]}]},{"@type":"BreadcrumbList","@id":"https:\/\/www.hotel-vrahos.gr\/fr\/deluxe-room-with-sea-view-and-hot-tub\/#breadcrumb","itemListElement":[{"@type":"ListItem","position":1,"name":"Home","item":"https:\/\/www.hotel-vrahos.gr\/fr\/"},{"@type":"ListItem","position":2,"name":"Deluxe room with sea view and hot tub"}]}]}},"_links":{"self":[{"href":"https:\/\/www.hotel-vrahos.gr\/fr\/wp-json\/wp\/v2\/pages\/4148","targetHints":{"allow":["GET"]}}],"collection":[{"href":"https:\/\/www.hotel-vrahos.gr\/fr\/wp-json\/wp\/v2\/pages"}],"about":[{"href":"https:\/\/www.hotel-vrahos.gr\/fr\/wp-json\/wp\/v2\/types\/page"}],"author":[{"embeddable":true,"href":"https:\/\/www.hotel-vrahos.gr\/fr\/wp-json\/wp\/v2\/users\/1"}],"replies":[{"embeddable":true,"href":"https:\/\/www.hotel-vrahos.gr\/fr\/wp-json\/wp\/v2\/comments?post=4148"}],"version-history":[{"count":0,"href":"https:\/\/www.hotel-vrahos.gr\/fr\/wp-json\/wp\/v2\/pages\/4148\/revisions"}],"wp:attachment":[{"href":"https:\/\/www.hotel-vrahos.gr\/fr\/wp-json\/wp\/v2\/media?parent=4148"}],"curies":[{"name":"wp","href":"https:\/\/api.w.org\/{rel}","templated":true}]}}