{"id":4166,"date":"2015-08-12T12:05:46","date_gmt":"2015-08-12T12:05:46","guid":{"rendered":"https:\/\/www.hotel-vrahos.gr\/fr\/folegandros\/"},"modified":"2023-03-29T14:49:25","modified_gmt":"2023-03-29T11:49:25","slug":"folegandros","status":"publish","type":"page","link":"https:\/\/www.hotel-vrahos.gr\/fr\/folegandros\/","title":{"rendered":"Folegandros"},"content":{"rendered":"","protected":false},"excerpt":{"rendered":"","protected":false},"author":1,"featured_media":0,"parent":0,"menu_order":0,"comment_status":"open","ping_status":"open","template":"","meta":{"footnotes":""},"class_list":["post-4166","page","type-page","status-publish","hentry"],"yoast_head":"<!-- This site is optimized with the Yoast SEO plugin v18.3 - https:\/\/yoast.com\/wordpress\/plugins\/seo\/ -->\n<title>Folegandros | Summer Holidays | Vrahos Boutique H\u00f4tel Booking<\/title>\n<meta name=\"description\" content=\"Folegandros est id\u00e9al pour les vacances d\u2019\u00e9t\u00e9 dans les \u00eeles grecques. Trouvez des plages, des attractions, des activit\u00e9s et un h\u00e9bergement \u00e0 Folegandros\" \/>\n<meta name=\"robots\" content=\"index, follow, max-snippet:-1, max-image-preview:large, max-video-preview:-1\" \/>\n<link rel=\"canonical\" href=\"https:\/\/www.hotel-vrahos.gr\/fr\/folegandros\/\" \/>\n<meta property=\"og:locale\" content=\"fr_FR\" \/>\n<meta property=\"og:type\" content=\"article\" \/>\n<meta property=\"og:title\" content=\"Folegandros | Summer Holidays | Vrahos Boutique H\u00f4tel Booking\" \/>\n<meta property=\"og:description\" content=\"Folegandros est id\u00e9al pour les vacances d\u2019\u00e9t\u00e9 dans les \u00eeles grecques. Trouvez des plages, des attractions, des activit\u00e9s et un h\u00e9bergement \u00e0 Folegandros\" \/>\n<meta property=\"og:url\" content=\"https:\/\/www.hotel-vrahos.gr\/fr\/folegandros\/\" \/>\n<meta property=\"og:site_name\" content=\"Vrahos Hotel - Folegandros\" \/>\n<meta property=\"article:modified_time\" content=\"2023-03-29T11:49:25+00:00\" \/>\n<meta name=\"twitter:card\" content=\"summary_large_image\" \/>\n<script type=\"application\/ld+json\" class=\"yoast-schema-graph\">{\"@context\":\"https:\/\/schema.org\",\"@graph\":[{\"@type\":\"WebSite\",\"@id\":\"https:\/\/www.hotel-vrahos.gr\/#website\",\"url\":\"https:\/\/www.hotel-vrahos.gr\/\",\"name\":\"Vrahos Hotel - Folegandros\",\"description\":\"Boutique Hotel in Folegandros Island - Greece\",\"potentialAction\":[{\"@type\":\"SearchAction\",\"target\":{\"@type\":\"EntryPoint\",\"urlTemplate\":\"https:\/\/www.hotel-vrahos.gr\/?s={search_term_string}\"},\"query-input\":\"required name=search_term_string\"}],\"inLanguage\":\"fr-FR\"},{\"@type\":\"WebPage\",\"@id\":\"https:\/\/www.hotel-vrahos.gr\/fr\/folegandros\/#webpage\",\"url\":\"https:\/\/www.hotel-vrahos.gr\/fr\/folegandros\/\",\"name\":\"Folegandros | Summer Holidays | Vrahos Boutique H\u00f4tel Booking\",\"isPartOf\":{\"@id\":\"https:\/\/www.hotel-vrahos.gr\/#website\"},\"datePublished\":\"2015-08-12T12:05:46+00:00\",\"dateModified\":\"2023-03-29T11:49:25+00:00\",\"description\":\"Folegandros est id\u00e9al pour les vacances d\u2019\u00e9t\u00e9 dans les \u00eeles grecques. Trouvez des plages, des attractions, des activit\u00e9s et un h\u00e9bergement \u00e0 Folegandros\",\"breadcrumb\":{\"@id\":\"https:\/\/www.hotel-vrahos.gr\/fr\/folegandros\/#breadcrumb\"},\"inLanguage\":\"fr-FR\",\"potentialAction\":[{\"@type\":\"ReadAction\",\"target\":[\"https:\/\/www.hotel-vrahos.gr\/fr\/folegandros\/\"]}]},{\"@type\":\"BreadcrumbList\",\"@id\":\"https:\/\/www.hotel-vrahos.gr\/fr\/folegandros\/#breadcrumb\",\"itemListElement\":[{\"@type\":\"ListItem\",\"position\":1,\"name\":\"Home\",\"item\":\"https:\/\/www.hotel-vrahos.gr\/fr\/\"},{\"@type\":\"ListItem\",\"position\":2,\"name\":\"Folegandros\"}]}]}<\/script>\n<!-- \/ Yoast SEO plugin. -->","yoast_head_json":{"title":"Folegandros | Summer Holidays | Vrahos Boutique H\u00f4tel Booking","description":"Folegandros est id\u00e9al pour les vacances d\u2019\u00e9t\u00e9 dans les \u00eeles grecques. Trouvez des plages, des attractions, des activit\u00e9s et un h\u00e9bergement \u00e0 Folegandros","robots":{"index":"index","follow":"follow","max-snippet":"max-snippet:-1","max-image-preview":"max-image-preview:large","max-video-preview":"max-video-preview:-1"},"canonical":"https:\/\/www.hotel-vrahos.gr\/fr\/folegandros\/","og_locale":"fr_FR","og_type":"article","og_title":"Folegandros | Summer Holidays | Vrahos Boutique H\u00f4tel Booking","og_description":"Folegandros est id\u00e9al pour les vacances d\u2019\u00e9t\u00e9 dans les \u00eeles grecques. Trouvez des plages, des attractions, des activit\u00e9s et un h\u00e9bergement \u00e0 Folegandros","og_url":"https:\/\/www.hotel-vrahos.gr\/fr\/folegandros\/","og_site_name":"Vrahos Hotel - Folegandros","article_modified_time":"2023-03-29T11:49:25+00:00","twitter_card":"summary_large_image","schema":{"@context":"https:\/\/schema.org","@graph":[{"@type":"WebSite","@id":"https:\/\/www.hotel-vrahos.gr\/#website","url":"https:\/\/www.hotel-vrahos.gr\/","name":"Vrahos Hotel - Folegandros","description":"Boutique Hotel in Folegandros Island - Greece","potentialAction":[{"@type":"SearchAction","target":{"@type":"EntryPoint","urlTemplate":"https:\/\/www.hotel-vrahos.gr\/?s={search_term_string}"},"query-input":"required name=search_term_string"}],"inLanguage":"fr-FR"},{"@type":"WebPage","@id":"https:\/\/www.hotel-vrahos.gr\/fr\/folegandros\/#webpage","url":"https:\/\/www.hotel-vrahos.gr\/fr\/folegandros\/","name":"Folegandros | Summer Holidays | Vrahos Boutique H\u00f4tel Booking","isPartOf":{"@id":"https:\/\/www.hotel-vrahos.gr\/#website"},"datePublished":"2015-08-12T12:05:46+00:00","dateModified":"2023-03-29T11:49:25+00:00","description":"Folegandros est id\u00e9al pour les vacances d\u2019\u00e9t\u00e9 dans les \u00eeles grecques. Trouvez des plages, des attractions, des activit\u00e9s et un h\u00e9bergement \u00e0 Folegandros","breadcrumb":{"@id":"https:\/\/www.hotel-vrahos.gr\/fr\/folegandros\/#breadcrumb"},"inLanguage":"fr-FR","potentialAction":[{"@type":"ReadAction","target":["https:\/\/www.hotel-vrahos.gr\/fr\/folegandros\/"]}]},{"@type":"BreadcrumbList","@id":"https:\/\/www.hotel-vrahos.gr\/fr\/folegandros\/#breadcrumb","itemListElement":[{"@type":"ListItem","position":1,"name":"Home","item":"https:\/\/www.hotel-vrahos.gr\/fr\/"},{"@type":"ListItem","position":2,"name":"Folegandros"}]}]}},"_links":{"self":[{"href":"https:\/\/www.hotel-vrahos.gr\/fr\/wp-json\/wp\/v2\/pages\/4166","targetHints":{"allow":["GET"]}}],"collection":[{"href":"https:\/\/www.hotel-vrahos.gr\/fr\/wp-json\/wp\/v2\/pages"}],"about":[{"href":"https:\/\/www.hotel-vrahos.gr\/fr\/wp-json\/wp\/v2\/types\/page"}],"author":[{"embeddable":true,"href":"https:\/\/www.hotel-vrahos.gr\/fr\/wp-json\/wp\/v2\/users\/1"}],"replies":[{"embeddable":true,"href":"https:\/\/www.hotel-vrahos.gr\/fr\/wp-json\/wp\/v2\/comments?post=4166"}],"version-history":[{"count":0,"href":"https:\/\/www.hotel-vrahos.gr\/fr\/wp-json\/wp\/v2\/pages\/4166\/revisions"}],"wp:attachment":[{"href":"https:\/\/www.hotel-vrahos.gr\/fr\/wp-json\/wp\/v2\/media?parent=4166"}],"curies":[{"name":"wp","href":"https:\/\/api.w.org\/{rel}","templated":true}]}}