{"id":4178,"date":"2015-08-21T08:04:28","date_gmt":"2015-08-21T08:04:28","guid":{"rendered":"https:\/\/www.hotel-vrahos.gr\/fr\/contact\/"},"modified":"2022-02-25T15:20:24","modified_gmt":"2022-02-25T13:20:24","slug":"contact","status":"publish","type":"page","link":"https:\/\/www.hotel-vrahos.gr\/fr\/contact\/","title":{"rendered":"Contact"},"content":{"rendered":"","protected":false},"excerpt":{"rendered":"","protected":false},"author":1,"featured_media":0,"parent":0,"menu_order":0,"comment_status":"closed","ping_status":"closed","template":"","meta":{"footnotes":""},"class_list":["post-4178","page","type-page","status-publish","hentry"],"yoast_head":"<!-- This site is optimized with the Yoast SEO plugin v18.3 - https:\/\/yoast.com\/wordpress\/plugins\/seo\/ -->\n<title>Contactez | Vrahos Boutique Hotel | Accommodation Folegandros<\/title>\n<meta name=\"description\" content=\"Vous cherchez un logement \u00e0 Folegandros? Contactez-nous et s\u00e9journez dans notre h\u00f4tel \u00e0 Karavostasi au bord de la mer. Trouvez-nous ici.\" \/>\n<meta name=\"robots\" content=\"index, follow, max-snippet:-1, max-image-preview:large, max-video-preview:-1\" \/>\n<link rel=\"canonical\" href=\"https:\/\/www.hotel-vrahos.gr\/fr\/contact\/\" \/>\n<meta property=\"og:locale\" content=\"fr_FR\" \/>\n<meta property=\"og:type\" content=\"article\" \/>\n<meta property=\"og:title\" content=\"Contactez | Vrahos Boutique Hotel | Accommodation Folegandros\" \/>\n<meta property=\"og:description\" content=\"Vous cherchez un logement \u00e0 Folegandros? Contactez-nous et s\u00e9journez dans notre h\u00f4tel \u00e0 Karavostasi au bord de la mer. Trouvez-nous ici.\" \/>\n<meta property=\"og:url\" content=\"https:\/\/www.hotel-vrahos.gr\/fr\/contact\/\" \/>\n<meta property=\"og:site_name\" content=\"Vrahos Hotel - Folegandros\" \/>\n<meta property=\"article:modified_time\" content=\"2022-02-25T13:20:24+00:00\" \/>\n<meta name=\"twitter:card\" content=\"summary_large_image\" \/>\n<script type=\"application\/ld+json\" class=\"yoast-schema-graph\">{\"@context\":\"https:\/\/schema.org\",\"@graph\":[{\"@type\":\"WebSite\",\"@id\":\"https:\/\/www.hotel-vrahos.gr\/#website\",\"url\":\"https:\/\/www.hotel-vrahos.gr\/\",\"name\":\"Vrahos Hotel - Folegandros\",\"description\":\"Boutique Hotel in Folegandros Island - Greece\",\"potentialAction\":[{\"@type\":\"SearchAction\",\"target\":{\"@type\":\"EntryPoint\",\"urlTemplate\":\"https:\/\/www.hotel-vrahos.gr\/?s={search_term_string}\"},\"query-input\":\"required name=search_term_string\"}],\"inLanguage\":\"fr-FR\"},{\"@type\":\"WebPage\",\"@id\":\"https:\/\/www.hotel-vrahos.gr\/fr\/contact\/#webpage\",\"url\":\"https:\/\/www.hotel-vrahos.gr\/fr\/contact\/\",\"name\":\"Contactez | Vrahos Boutique Hotel | Accommodation Folegandros\",\"isPartOf\":{\"@id\":\"https:\/\/www.hotel-vrahos.gr\/#website\"},\"datePublished\":\"2015-08-21T08:04:28+00:00\",\"dateModified\":\"2022-02-25T13:20:24+00:00\",\"description\":\"Vous cherchez un logement \u00e0 Folegandros? Contactez-nous et s\u00e9journez dans notre h\u00f4tel \u00e0 Karavostasi au bord de la mer. Trouvez-nous ici.\",\"breadcrumb\":{\"@id\":\"https:\/\/www.hotel-vrahos.gr\/fr\/contact\/#breadcrumb\"},\"inLanguage\":\"fr-FR\",\"potentialAction\":[{\"@type\":\"ReadAction\",\"target\":[\"https:\/\/www.hotel-vrahos.gr\/fr\/contact\/\"]}]},{\"@type\":\"BreadcrumbList\",\"@id\":\"https:\/\/www.hotel-vrahos.gr\/fr\/contact\/#breadcrumb\",\"itemListElement\":[{\"@type\":\"ListItem\",\"position\":1,\"name\":\"Home\",\"item\":\"https:\/\/www.hotel-vrahos.gr\/fr\/\"},{\"@type\":\"ListItem\",\"position\":2,\"name\":\"Contact\"}]}]}<\/script>\n<!-- \/ Yoast SEO plugin. -->","yoast_head_json":{"title":"Contactez | Vrahos Boutique Hotel | Accommodation Folegandros","description":"Vous cherchez un logement \u00e0 Folegandros? Contactez-nous et s\u00e9journez dans notre h\u00f4tel \u00e0 Karavostasi au bord de la mer. Trouvez-nous ici.","robots":{"index":"index","follow":"follow","max-snippet":"max-snippet:-1","max-image-preview":"max-image-preview:large","max-video-preview":"max-video-preview:-1"},"canonical":"https:\/\/www.hotel-vrahos.gr\/fr\/contact\/","og_locale":"fr_FR","og_type":"article","og_title":"Contactez | Vrahos Boutique Hotel | Accommodation Folegandros","og_description":"Vous cherchez un logement \u00e0 Folegandros? Contactez-nous et s\u00e9journez dans notre h\u00f4tel \u00e0 Karavostasi au bord de la mer. Trouvez-nous ici.","og_url":"https:\/\/www.hotel-vrahos.gr\/fr\/contact\/","og_site_name":"Vrahos Hotel - Folegandros","article_modified_time":"2022-02-25T13:20:24+00:00","twitter_card":"summary_large_image","schema":{"@context":"https:\/\/schema.org","@graph":[{"@type":"WebSite","@id":"https:\/\/www.hotel-vrahos.gr\/#website","url":"https:\/\/www.hotel-vrahos.gr\/","name":"Vrahos Hotel - Folegandros","description":"Boutique Hotel in Folegandros Island - Greece","potentialAction":[{"@type":"SearchAction","target":{"@type":"EntryPoint","urlTemplate":"https:\/\/www.hotel-vrahos.gr\/?s={search_term_string}"},"query-input":"required name=search_term_string"}],"inLanguage":"fr-FR"},{"@type":"WebPage","@id":"https:\/\/www.hotel-vrahos.gr\/fr\/contact\/#webpage","url":"https:\/\/www.hotel-vrahos.gr\/fr\/contact\/","name":"Contactez | Vrahos Boutique Hotel | Accommodation Folegandros","isPartOf":{"@id":"https:\/\/www.hotel-vrahos.gr\/#website"},"datePublished":"2015-08-21T08:04:28+00:00","dateModified":"2022-02-25T13:20:24+00:00","description":"Vous cherchez un logement \u00e0 Folegandros? Contactez-nous et s\u00e9journez dans notre h\u00f4tel \u00e0 Karavostasi au bord de la mer. Trouvez-nous ici.","breadcrumb":{"@id":"https:\/\/www.hotel-vrahos.gr\/fr\/contact\/#breadcrumb"},"inLanguage":"fr-FR","potentialAction":[{"@type":"ReadAction","target":["https:\/\/www.hotel-vrahos.gr\/fr\/contact\/"]}]},{"@type":"BreadcrumbList","@id":"https:\/\/www.hotel-vrahos.gr\/fr\/contact\/#breadcrumb","itemListElement":[{"@type":"ListItem","position":1,"name":"Home","item":"https:\/\/www.hotel-vrahos.gr\/fr\/"},{"@type":"ListItem","position":2,"name":"Contact"}]}]}},"_links":{"self":[{"href":"https:\/\/www.hotel-vrahos.gr\/fr\/wp-json\/wp\/v2\/pages\/4178","targetHints":{"allow":["GET"]}}],"collection":[{"href":"https:\/\/www.hotel-vrahos.gr\/fr\/wp-json\/wp\/v2\/pages"}],"about":[{"href":"https:\/\/www.hotel-vrahos.gr\/fr\/wp-json\/wp\/v2\/types\/page"}],"author":[{"embeddable":true,"href":"https:\/\/www.hotel-vrahos.gr\/fr\/wp-json\/wp\/v2\/users\/1"}],"replies":[{"embeddable":true,"href":"https:\/\/www.hotel-vrahos.gr\/fr\/wp-json\/wp\/v2\/comments?post=4178"}],"version-history":[{"count":0,"href":"https:\/\/www.hotel-vrahos.gr\/fr\/wp-json\/wp\/v2\/pages\/4178\/revisions"}],"wp:attachment":[{"href":"https:\/\/www.hotel-vrahos.gr\/fr\/wp-json\/wp\/v2\/media?parent=4178"}],"curies":[{"name":"wp","href":"https:\/\/api.w.org\/{rel}","templated":true}]}}