{"id":4829,"date":"2020-06-16T18:02:41","date_gmt":"2020-06-16T15:02:41","guid":{"rendered":"https:\/\/www.hotel-vrahos.gr\/covid\/"},"modified":"2022-04-12T13:47:14","modified_gmt":"2022-04-12T10:47:14","slug":"covid","status":"publish","type":"page","link":"https:\/\/www.hotel-vrahos.gr\/fr\/covid\/","title":{"rendered":"COVID"},"content":{"rendered":"","protected":false},"excerpt":{"rendered":"","protected":false},"author":1,"featured_media":0,"parent":0,"menu_order":0,"comment_status":"open","ping_status":"closed","template":"","meta":{"footnotes":""},"class_list":["post-4829","page","type-page","status-publish","hentry"],"yoast_head":"<!-- This site is optimized with the Yoast SEO plugin v18.3 - https:\/\/yoast.com\/wordpress\/plugins\/seo\/ -->\n<title>COVID Certification Measures Protection | Vrahos Boutique H\u00f4tel Booking<\/title>\n<meta name=\"description\" content=\"L\u2019H\u00f4tel Rock \u00e0 Folegandros a pris toutes les mesures n\u00e9cessaires pour prot\u00e9ger votre hygi\u00e8ne contre le Korinovirus.\" \/>\n<meta name=\"robots\" content=\"index, follow, max-snippet:-1, max-image-preview:large, max-video-preview:-1\" \/>\n<link rel=\"canonical\" href=\"https:\/\/www.hotel-vrahos.gr\/fr\/covid\/\" \/>\n<meta property=\"og:locale\" content=\"fr_FR\" \/>\n<meta property=\"og:type\" content=\"article\" \/>\n<meta property=\"og:title\" content=\"COVID Certification Measures Protection | Vrahos Boutique H\u00f4tel Booking\" \/>\n<meta property=\"og:description\" content=\"L\u2019H\u00f4tel Rock \u00e0 Folegandros a pris toutes les mesures n\u00e9cessaires pour prot\u00e9ger votre hygi\u00e8ne contre le Korinovirus.\" \/>\n<meta property=\"og:url\" content=\"https:\/\/www.hotel-vrahos.gr\/fr\/covid\/\" \/>\n<meta property=\"og:site_name\" content=\"Vrahos Hotel - Folegandros\" \/>\n<meta property=\"article:modified_time\" content=\"2022-04-12T10:47:14+00:00\" \/>\n<meta name=\"twitter:card\" content=\"summary_large_image\" \/>\n<script type=\"application\/ld+json\" class=\"yoast-schema-graph\">{\"@context\":\"https:\/\/schema.org\",\"@graph\":[{\"@type\":\"WebSite\",\"@id\":\"https:\/\/www.hotel-vrahos.gr\/#website\",\"url\":\"https:\/\/www.hotel-vrahos.gr\/\",\"name\":\"Vrahos Hotel - Folegandros\",\"description\":\"Boutique Hotel in Folegandros Island - Greece\",\"potentialAction\":[{\"@type\":\"SearchAction\",\"target\":{\"@type\":\"EntryPoint\",\"urlTemplate\":\"https:\/\/www.hotel-vrahos.gr\/?s={search_term_string}\"},\"query-input\":\"required name=search_term_string\"}],\"inLanguage\":\"fr-FR\"},{\"@type\":\"WebPage\",\"@id\":\"https:\/\/www.hotel-vrahos.gr\/fr\/covid\/#webpage\",\"url\":\"https:\/\/www.hotel-vrahos.gr\/fr\/covid\/\",\"name\":\"COVID Certification Measures Protection | Vrahos Boutique H\u00f4tel Booking\",\"isPartOf\":{\"@id\":\"https:\/\/www.hotel-vrahos.gr\/#website\"},\"datePublished\":\"2020-06-16T15:02:41+00:00\",\"dateModified\":\"2022-04-12T10:47:14+00:00\",\"description\":\"L\u2019H\u00f4tel Rock \u00e0 Folegandros a pris toutes les mesures n\u00e9cessaires pour prot\u00e9ger votre hygi\u00e8ne contre le Korinovirus.\",\"breadcrumb\":{\"@id\":\"https:\/\/www.hotel-vrahos.gr\/fr\/covid\/#breadcrumb\"},\"inLanguage\":\"fr-FR\",\"potentialAction\":[{\"@type\":\"ReadAction\",\"target\":[\"https:\/\/www.hotel-vrahos.gr\/fr\/covid\/\"]}]},{\"@type\":\"BreadcrumbList\",\"@id\":\"https:\/\/www.hotel-vrahos.gr\/fr\/covid\/#breadcrumb\",\"itemListElement\":[{\"@type\":\"ListItem\",\"position\":1,\"name\":\"Home\",\"item\":\"https:\/\/www.hotel-vrahos.gr\/fr\/\"},{\"@type\":\"ListItem\",\"position\":2,\"name\":\"COVID\"}]}]}<\/script>\n<!-- \/ Yoast SEO plugin. -->","yoast_head_json":{"title":"COVID Certification Measures Protection | Vrahos Boutique H\u00f4tel Booking","description":"L\u2019H\u00f4tel Rock \u00e0 Folegandros a pris toutes les mesures n\u00e9cessaires pour prot\u00e9ger votre hygi\u00e8ne contre le Korinovirus.","robots":{"index":"index","follow":"follow","max-snippet":"max-snippet:-1","max-image-preview":"max-image-preview:large","max-video-preview":"max-video-preview:-1"},"canonical":"https:\/\/www.hotel-vrahos.gr\/fr\/covid\/","og_locale":"fr_FR","og_type":"article","og_title":"COVID Certification Measures Protection | Vrahos Boutique H\u00f4tel Booking","og_description":"L\u2019H\u00f4tel Rock \u00e0 Folegandros a pris toutes les mesures n\u00e9cessaires pour prot\u00e9ger votre hygi\u00e8ne contre le Korinovirus.","og_url":"https:\/\/www.hotel-vrahos.gr\/fr\/covid\/","og_site_name":"Vrahos Hotel - Folegandros","article_modified_time":"2022-04-12T10:47:14+00:00","twitter_card":"summary_large_image","schema":{"@context":"https:\/\/schema.org","@graph":[{"@type":"WebSite","@id":"https:\/\/www.hotel-vrahos.gr\/#website","url":"https:\/\/www.hotel-vrahos.gr\/","name":"Vrahos Hotel - Folegandros","description":"Boutique Hotel in Folegandros Island - Greece","potentialAction":[{"@type":"SearchAction","target":{"@type":"EntryPoint","urlTemplate":"https:\/\/www.hotel-vrahos.gr\/?s={search_term_string}"},"query-input":"required name=search_term_string"}],"inLanguage":"fr-FR"},{"@type":"WebPage","@id":"https:\/\/www.hotel-vrahos.gr\/fr\/covid\/#webpage","url":"https:\/\/www.hotel-vrahos.gr\/fr\/covid\/","name":"COVID Certification Measures Protection | Vrahos Boutique H\u00f4tel Booking","isPartOf":{"@id":"https:\/\/www.hotel-vrahos.gr\/#website"},"datePublished":"2020-06-16T15:02:41+00:00","dateModified":"2022-04-12T10:47:14+00:00","description":"L\u2019H\u00f4tel Rock \u00e0 Folegandros a pris toutes les mesures n\u00e9cessaires pour prot\u00e9ger votre hygi\u00e8ne contre le Korinovirus.","breadcrumb":{"@id":"https:\/\/www.hotel-vrahos.gr\/fr\/covid\/#breadcrumb"},"inLanguage":"fr-FR","potentialAction":[{"@type":"ReadAction","target":["https:\/\/www.hotel-vrahos.gr\/fr\/covid\/"]}]},{"@type":"BreadcrumbList","@id":"https:\/\/www.hotel-vrahos.gr\/fr\/covid\/#breadcrumb","itemListElement":[{"@type":"ListItem","position":1,"name":"Home","item":"https:\/\/www.hotel-vrahos.gr\/fr\/"},{"@type":"ListItem","position":2,"name":"COVID"}]}]}},"_links":{"self":[{"href":"https:\/\/www.hotel-vrahos.gr\/fr\/wp-json\/wp\/v2\/pages\/4829","targetHints":{"allow":["GET"]}}],"collection":[{"href":"https:\/\/www.hotel-vrahos.gr\/fr\/wp-json\/wp\/v2\/pages"}],"about":[{"href":"https:\/\/www.hotel-vrahos.gr\/fr\/wp-json\/wp\/v2\/types\/page"}],"author":[{"embeddable":true,"href":"https:\/\/www.hotel-vrahos.gr\/fr\/wp-json\/wp\/v2\/users\/1"}],"replies":[{"embeddable":true,"href":"https:\/\/www.hotel-vrahos.gr\/fr\/wp-json\/wp\/v2\/comments?post=4829"}],"version-history":[{"count":0,"href":"https:\/\/www.hotel-vrahos.gr\/fr\/wp-json\/wp\/v2\/pages\/4829\/revisions"}],"wp:attachment":[{"href":"https:\/\/www.hotel-vrahos.gr\/fr\/wp-json\/wp\/v2\/media?parent=4829"}],"curies":[{"name":"wp","href":"https:\/\/api.w.org\/{rel}","templated":true}]}}